{"id":6558,"date":"2025-03-26T15:25:14","date_gmt":"2025-03-26T13:25:14","guid":{"rendered":"https:\/\/visitacava.it\/?page_id=6558"},"modified":"2025-07-29T17:46:20","modified_gmt":"2025-07-29T15:46:20","slug":"unisciti-a-noi","status":"publish","type":"page","link":"https:\/\/visitacava.it\/en\/unisciti-a-noi\/","title":{"rendered":"Join us"},"content":{"rendered":"<div data-elementor-type=\"wp-page\" data-elementor-id=\"6558\" class=\"elementor elementor-6558\" data-elementor-post-type=\"page\">\n\t\t\t\t<div class=\"elementor-element elementor-element-395e863 e-flex e-con-boxed e-con e-parent\" data-id=\"395e863\" data-element_type=\"container\" data-settings=\"{&quot;background_background&quot;:&quot;classic&quot;}\">\n\t\t\t\t\t<div class=\"e-con-inner\">\n\t\t\t\t<div class=\"elementor-element elementor-element-1ebba92 elementor-widget elementor-widget-section-title\" data-id=\"1ebba92\" data-element_type=\"widget\" data-widget_type=\"section-title.default\">\n\t\t\t\t<div class=\"elementor-widget-container\">\n\t\t\t\t\t<div class=\"section-title text-center\">\n      <div class=\"icon\"><img decoding=\"async\" src=\"https:\/\/visitacava.it\/wp-content\/uploads\/2024\/08\/shape3.png\" alt=\"Unisciti al portale di visita cava\"><\/div>\n        <h2>Join the site Cava<\/h2>\n<\/div>\n\t\t\t\t<\/div>\n\t\t\t\t<\/div>\n\t\t\t\t<div class=\"elementor-element elementor-element-ea49cb8 elementor-widget elementor-widget-text-box\" data-id=\"ea49cb8\" data-element_type=\"widget\" data-widget_type=\"text-box.default\">\n\t\t\t\t<div class=\"elementor-widget-container\">\n\t\t\t\t\t<div class=\"text-box\" data-scroll data-scroll-speed=\"\">\n       <p style=\"text-align: center;font-size: 25px\"><strong>Are you a hotel, a B&amp;B or a restaurant manager and  do you want to be part of the website\u00a0<span style=\"color: #ff0000\">\"Visita Cava\"?<\/span><\/strong><\/p>    <\/div>\n\t\t\t\t<\/div>\n\t\t\t\t<\/div>\n\t\t\t\t<div class=\"elementor-element elementor-element-68207ca elementor-widget elementor-widget-text-box\" data-id=\"68207ca\" data-element_type=\"widget\" data-widget_type=\"text-box.default\">\n\t\t\t\t<div class=\"elementor-widget-container\">\n\t\t\t\t\t<div class=\"text-box\" data-scroll data-scroll-speed=\"\">\n       <p style=\"text-align: center\"><strong>Il nostro sito ha come obiettivo quello di diventare il punto di riferimento per i turisti in cerca di informazioni durante il soggiorno nella nostra citt\u00e0.<\/strong><\/p><p style=\"text-align: center\"><strong>Per garantirvi visibilit\u00e0 e attrarre nuova clientela <span style=\"color: #ff0000\">\u00e8 possibile registrare gratuitamente la vostra struttura sul nostro portale fino al 31.12.2025<\/span>.<\/strong><\/p><p style=\"text-align: center\"><strong>Una volta registrata, ciascuna attivit\u00e0 avr\u00e0 la possibilit\u00e0 di:<\/strong><\/p><p style=\"text-align: center\"><strong>1) Avere una <span style=\"color: #ff0000\">sezione dedicata sul sito visitacava.it<\/span>, con una descrizione dettagliata, foto e informazioni utili come contatti e indirizzo.<\/strong><\/p><p style=\"text-align: center\"><strong><span style=\"color: #000000\">2)<\/span><span style=\"color: #ff0000\"> Ricevere prenotazioni<\/span> dirette da nuovi utenti.<\/strong><\/p><p style=\"text-align: center\"><strong>3) <span style=\"color: #ff0000\">Essere promossa sui canali social e di marketing di Visita Cava<\/span>.<\/strong><\/p>    <\/div>\n\t\t\t\t<\/div>\n\t\t\t\t<\/div>\n\t\t\t\t\t<\/div>\n\t\t\t\t<\/div>\n\t\t<div class=\"elementor-element elementor-element-2334555 e-flex e-con-boxed e-con e-parent\" data-id=\"2334555\" data-element_type=\"container\">\n\t\t\t\t\t<div class=\"e-con-inner\">\n\t\t\t\t<div class=\"elementor-element elementor-element-1eb9aa6 elementor-button-align-stretch elementor-widget elementor-widget-form\" data-id=\"1eb9aa6\" data-element_type=\"widget\" data-settings=\"{&quot;step_next_label&quot;:&quot;Next&quot;,&quot;step_previous_label&quot;:&quot;Previous&quot;,&quot;button_width&quot;:&quot;100&quot;,&quot;step_type&quot;:&quot;number_text&quot;,&quot;step_icon_shape&quot;:&quot;circle&quot;}\" data-widget_type=\"form.default\">\n\t\t\t\t<div class=\"elementor-widget-container\">\n\t\t\t\t\t\t\t<form class=\"elementor-form\" method=\"post\" name=\"Unisciti a noi\" action=\"\">\n\t\t\t<input type=\"hidden\" name=\"post_id\" value=\"6558\"\/>\n\t\t\t<input type=\"hidden\" name=\"form_id\" value=\"1eb9aa6\"\/>\n\t\t\t<input type=\"hidden\" name=\"referer_title\" value=\"Unisciti a noi - Visita Cava | Bella Da Vivere\" \/>\n\n\t\t\t\t\t\t\t<input type=\"hidden\" name=\"queried_id\" value=\"6558\"\/>\n\t\t\t\n\t\t\t<div class=\"elementor-form-fields-wrapper elementor-labels-above\">\n\t\t\t\t\t\t\t\t<div class=\"elementor-field-type-text elementor-field-group elementor-column elementor-field-group-name elementor-col-50 elementor-field-required\">\n\t\t\t\t\t\t\t\t\t\t\t\t<label for=\"form-field-name\" class=\"elementor-field-label\">\n\t\t\t\t\t\t\t\tName and Surname\t\t\t\t\t\t\t<\/label>\n\t\t\t\t\t\t\t\t\t\t\t\t\t\t<input size=\"1\" type=\"text\" name=\"form_fields[name]\" id=\"form-field-name\" class=\"elementor-field elementor-size-sm  elementor-field-textual\" placeholder=\"Name and Surname\" required=\"required\">\n\t\t\t\t\t\t\t\t\t\t\t<\/div>\n\t\t\t\t\t\t\t\t<div class=\"elementor-field-type-text elementor-field-group elementor-column elementor-field-group-field_5c627b4 elementor-col-50\">\n\t\t\t\t\t\t\t\t\t\t\t\t<label for=\"form-field-field_5c627b4\" class=\"elementor-field-label\">\n\t\t\t\t\t\t\t\tCompany Name\t\t\t\t\t\t\t<\/label>\n\t\t\t\t\t\t\t\t\t\t\t\t\t\t<input size=\"1\" type=\"text\" name=\"form_fields[field_5c627b4]\" id=\"form-field-field_5c627b4\" class=\"elementor-field elementor-size-sm  elementor-field-textual\" placeholder=\"Company Name\">\n\t\t\t\t\t\t\t\t\t\t\t<\/div>\n\t\t\t\t\t\t\t\t<div class=\"elementor-field-type-text elementor-field-group elementor-column elementor-field-group-field_e718f8f elementor-col-50 elementor-field-required\">\n\t\t\t\t\t\t\t\t\t\t\t\t<label for=\"form-field-field_e718f8f\" class=\"elementor-field-label\">\n\t\t\t\t\t\t\t\tBusiness Name\t\t\t\t\t\t\t<\/label>\n\t\t\t\t\t\t\t\t\t\t\t\t\t\t<input size=\"1\" type=\"text\" name=\"form_fields[field_e718f8f]\" id=\"form-field-field_e718f8f\" class=\"elementor-field elementor-size-sm  elementor-field-textual\" placeholder=\"Business Name\" required=\"required\">\n\t\t\t\t\t\t\t\t\t\t\t<\/div>\n\t\t\t\t\t\t\t\t<div class=\"elementor-field-type-select elementor-field-group elementor-column elementor-field-group-field_ae706a0 elementor-col-50 elementor-field-required\">\n\t\t\t\t\t\t\t\t\t\t\t\t<label for=\"form-field-field_ae706a0\" class=\"elementor-field-label\">\n\t\t\t\t\t\t\t\tBusiness Type\t\t\t\t\t\t\t<\/label>\n\t\t\t\t\t\t\t\t<div class=\"elementor-field elementor-select-wrapper remove-before\">\n\t\t\t<div class=\"select-caret-down-wrapper\">\n\t\t\t\t<svg aria-hidden=\"true\" class=\"e-font-icon-svg e-eicon-caret-down\" viewbox=\"0 0 571.4 571.4\" xmlns=\"http:\/\/www.w3.org\/2000\/svg\"><path d=\"M571 393Q571 407 561 418L311 668Q300 679 286 679T261 668L11 418Q0 407 0 393T11 368 36 357H536Q550 357 561 368T571 393Z\"><\/path><\/svg>\t\t\t<\/div>\n\t\t\t<select name=\"form_fields[field_ae706a0]\" id=\"form-field-field_ae706a0\" class=\"elementor-field-textual elementor-size-sm\" required=\"required\">\n\t\t\t\t\t\t\t\t\t<option value=\"Hotel\">Hotel<\/option>\n\t\t\t\t\t\t\t\t\t<option value=\"Ristorazione\">Dining<\/option>\n\t\t\t\t\t\t\t\t\t<option value=\"Bed &amp; Breakfast\">Bed &amp; Breakfast<\/option>\n\t\t\t\t\t\t\t\t\t<option value=\"Casa Vacanze\">Casa Vacanze<\/option>\n\t\t\t\t\t\t\t<\/select>\n\t\t<\/div>\n\t\t\t\t\t\t<\/div>\n\t\t\t\t\t\t\t\t<div class=\"elementor-field-type-text elementor-field-group elementor-column elementor-field-group-field_e8176f1 elementor-col-50 elementor-field-required\">\n\t\t\t\t\t\t\t\t\t\t\t\t<label for=\"form-field-field_e8176f1\" class=\"elementor-field-label\">\n\t\t\t\t\t\t\t\tAddress\t\t\t\t\t\t\t<\/label>\n\t\t\t\t\t\t\t\t\t\t\t\t\t\t<input size=\"1\" type=\"text\" name=\"form_fields[field_e8176f1]\" id=\"form-field-field_e8176f1\" class=\"elementor-field elementor-size-sm  elementor-field-textual\" placeholder=\"Address\" required=\"required\">\n\t\t\t\t\t\t\t\t\t\t\t<\/div>\n\t\t\t\t\t\t\t\t<div class=\"elementor-field-type-tel elementor-field-group elementor-column elementor-field-group-field_4d8f4f4 elementor-col-50 elementor-field-required\">\n\t\t\t\t\t\t\t\t\t\t\t\t<label for=\"form-field-field_4d8f4f4\" class=\"elementor-field-label\">\n\t\t\t\t\t\t\t\tTelephone Number\t\t\t\t\t\t\t<\/label>\n\t\t\t\t\t\t\t\t<input size=\"1\" type=\"tel\" name=\"form_fields[field_4d8f4f4]\" id=\"form-field-field_4d8f4f4\" class=\"elementor-field elementor-size-sm  elementor-field-textual\" placeholder=\"Telephone Number\" required=\"required\" pattern=\"[0-9()#&amp;+*-=.]+\" title=\"Only numbers and phone characters (#, -, *, etc) are accepted.\">\n\n\t\t\t\t\t\t<\/div>\n\t\t\t\t\t\t\t\t<div class=\"elementor-field-type-email elementor-field-group elementor-column elementor-field-group-email elementor-col-50 elementor-field-required\">\n\t\t\t\t\t\t\t\t\t\t\t\t<label for=\"form-field-email\" class=\"elementor-field-label\">\n\t\t\t\t\t\t\t\tEmail\t\t\t\t\t\t\t<\/label>\n\t\t\t\t\t\t\t\t\t\t\t\t\t\t<input size=\"1\" type=\"email\" name=\"form_fields[email]\" id=\"form-field-email\" class=\"elementor-field elementor-size-sm  elementor-field-textual\" placeholder=\"Email\" required=\"required\">\n\t\t\t\t\t\t\t\t\t\t\t<\/div>\n\t\t\t\t\t\t\t\t<div class=\"elementor-field-type-text elementor-field-group elementor-column elementor-field-group-field_96a6b57 elementor-col-50 elementor-field-required\">\n\t\t\t\t\t\t\t\t\t\t\t\t<label for=\"form-field-field_96a6b57\" class=\"elementor-field-label\">\n\t\t\t\t\t\t\t\tSito aziendale o canale social principale\t\t\t\t\t\t\t<\/label>\n\t\t\t\t\t\t\t\t\t\t\t\t\t\t<input size=\"1\" type=\"text\" name=\"form_fields[field_96a6b57]\" id=\"form-field-field_96a6b57\" class=\"elementor-field elementor-size-sm  elementor-field-textual\" placeholder=\"Sito o link diretto alla pagina social\" required=\"required\">\n\t\t\t\t\t\t\t\t\t\t\t<\/div>\n\t\t\t\t\t\t\t\t<div class=\"elementor-field-type-upload elementor-field-group elementor-column elementor-field-group-field_7d6208a elementor-col-50\">\n\t\t\t\t\t\t\t\t\t\t\t\t<label for=\"form-field-field_7d6208a\" class=\"elementor-field-label\">\n\t\t\t\t\t\t\t\tLogo aziendale\t\t\t\t\t\t\t<\/label>\n\t\t\t\t\t\t\t\t<input type=\"file\" name=\"form_fields[field_7d6208a]\" id=\"form-field-field_7d6208a\" class=\"elementor-field elementor-size-sm  elementor-upload-field\" data-maxsize=\"30\" data-maxsize-message=\"This file exceeds the maximum allowed size.\">\n\n\t\t\t\t\t\t<\/div>\n\t\t\t\t\t\t\t\t<div class=\"elementor-field-type-upload elementor-field-group elementor-column elementor-field-group-field_c209f23 elementor-col-50\">\n\t\t\t\t\t\t\t\t\t\t\t\t<label for=\"form-field-field_c209f23\" class=\"elementor-field-label\">\n\t\t\t\t\t\t\t\tAdd up to 3 images of your business\t\t\t\t\t\t\t<\/label>\n\t\t\t\t\t\t\t\t<input type=\"file\" name=\"form_fields[field_c209f23][]\" id=\"form-field-field_c209f23\" class=\"elementor-field elementor-size-sm  elementor-upload-field\" multiple=\"multiple\" data-maxsize=\"40\" data-maxsize-message=\"This file exceeds the maximum allowed size.\">\n\n\t\t\t\t\t\t<\/div>\n\t\t\t\t\t\t\t\t<div class=\"elementor-field-type-textarea elementor-field-group elementor-column elementor-field-group-message elementor-col-100\">\n\t\t\t\t\t\t\t\t\t\t\t\t<label for=\"form-field-message\" class=\"elementor-field-label\">\n\t\t\t\t\t\t\t\tInformazioni utili\t\t\t\t\t\t\t<\/label>\n\t\t\t\t\t\t<textarea class=\"elementor-field-textual elementor-field  elementor-size-sm\" name=\"form_fields[message]\" id=\"form-field-message\" rows=\"4\" placeholder=\"Specifica delle informazioni importanti relative alla tua attivit\u00e0 che vuoi vengano riportate nella tua scheda personale\"><\/textarea>\t\t\t\t<\/div>\n\t\t\t\t\t\t\t\t<div class=\"elementor-field-group elementor-column elementor-field-type-submit elementor-col-100 e-form__buttons\">\n\t\t\t\t\t<button class=\"elementor-button elementor-size-sm\" type=\"submit\">\n\t\t\t\t\t\t<span class=\"elementor-button-content-wrapper\">\n\t\t\t\t\t\t\t\t\t\t\t\t\t\t\t\t\t\t\t\t\t\t<span class=\"elementor-button-text\">Send Request<\/span>\n\t\t\t\t\t\t\t\t\t\t\t\t\t<\/span>\n\t\t\t\t\t<\/button>\n\t\t\t\t<\/div>\n\t\t\t<\/div>\n\t\t<input type=\"hidden\" name=\"trp-form-language\" value=\"en\"\/><\/form>\n\t\t\t\t\t\t<\/div>\n\t\t\t\t<\/div>\n\t\t\t\t\t<\/div>\n\t\t\t\t<\/div>\n\t\t\t\t<\/div>","protected":false},"excerpt":{"rendered":"<p>Unisciti al portale di visita cava Sei un albergo, un B&amp;B o un'attivit\u00e0 di ristorazione e desideri far parte del portale\u00a0\"Visita Cava\"? Il nostro sito ha come obiettivo quello di diventare il punto di riferimento per i turisti in cerca di informazioni durante il soggiorno nella nostra citt\u00e0. Per garantirvi visibilit\u00e0 e attrarre nuova clientela [&hellip;]<\/p>","protected":false},"author":4,"featured_media":0,"parent":0,"menu_order":0,"comment_status":"closed","ping_status":"closed","template":"page-builder.php","meta":{"footnotes":""},"class_list":["post-6558","page","type-page","status-publish","hentry"],"acf":[],"yoast_head":"<!-- This site is optimized with the Yoast SEO plugin v25.6 - https:\/\/yoast.com\/wordpress\/plugins\/seo\/ -->\n<title>Unisciti a noi - Visita Cava | Bella Da Vivere<\/title>\n<meta name=\"robots\" content=\"index, follow, max-snippet:-1, max-image-preview:large, max-video-preview:-1\" \/>\n<link rel=\"canonical\" href=\"https:\/\/visitacava.it\/en\/unisciti-a-noi\/\" \/>\n<meta property=\"og:locale\" content=\"en_GB\" \/>\n<meta property=\"og:type\" content=\"article\" \/>\n<meta property=\"og:title\" content=\"Unisciti a noi - Visita Cava | Bella Da Vivere\" \/>\n<meta property=\"og:description\" content=\"Unisciti al portale di visita cava Sei un albergo, un B&amp;B o un&#039;attivit\u00e0 di ristorazione e desideri far parte del portale\u00a0&quot;Visita Cava&quot;? Il nostro sito ha come obiettivo quello di diventare il punto di riferimento per i turisti in cerca di informazioni durante il soggiorno nella nostra citt\u00e0. Per garantirvi visibilit\u00e0 e attrarre nuova clientela [&hellip;]\" \/>\n<meta property=\"og:url\" content=\"https:\/\/visitacava.it\/en\/unisciti-a-noi\/\" \/>\n<meta property=\"og:site_name\" content=\"Visita Cava | Bella Da Vivere\" \/>\n<meta property=\"article:modified_time\" content=\"2025-07-29T15:46:20+00:00\" \/>\n<meta property=\"og:image\" content=\"https:\/\/visitacava.it\/wp-content\/uploads\/2024\/08\/shape3.png\" \/>\n<meta name=\"twitter:card\" content=\"summary_large_image\" \/>\n<meta name=\"twitter:label1\" content=\"Estimated reading time\" \/>\n\t<meta name=\"twitter:data1\" content=\"2 minutes\" \/>\n<script type=\"application\/ld+json\" class=\"yoast-schema-graph\">{\"@context\":\"https:\/\/schema.org\",\"@graph\":[{\"@type\":\"WebPage\",\"@id\":\"https:\/\/visitacava.it\/unisciti-a-noi\/\",\"url\":\"https:\/\/visitacava.it\/unisciti-a-noi\/\",\"name\":\"Unisciti a noi - Visita Cava | Bella Da Vivere\",\"isPartOf\":{\"@id\":\"https:\/\/visitacava.it\/#website\"},\"primaryImageOfPage\":{\"@id\":\"https:\/\/visitacava.it\/unisciti-a-noi\/#primaryimage\"},\"image\":{\"@id\":\"https:\/\/visitacava.it\/unisciti-a-noi\/#primaryimage\"},\"thumbnailUrl\":\"https:\/\/visitacava.it\/wp-content\/uploads\/2024\/08\/shape3.png\",\"datePublished\":\"2025-03-26T13:25:14+00:00\",\"dateModified\":\"2025-07-29T15:46:20+00:00\",\"breadcrumb\":{\"@id\":\"https:\/\/visitacava.it\/unisciti-a-noi\/#breadcrumb\"},\"inLanguage\":\"en-GB\",\"potentialAction\":[{\"@type\":\"ReadAction\",\"target\":[\"https:\/\/visitacava.it\/unisciti-a-noi\/\"]}]},{\"@type\":\"ImageObject\",\"inLanguage\":\"en-GB\",\"@id\":\"https:\/\/visitacava.it\/unisciti-a-noi\/#primaryimage\",\"url\":\"https:\/\/visitacava.it\/wp-content\/uploads\/2024\/08\/shape3.png\",\"contentUrl\":\"https:\/\/visitacava.it\/wp-content\/uploads\/2024\/08\/shape3.png\"},{\"@type\":\"BreadcrumbList\",\"@id\":\"https:\/\/visitacava.it\/unisciti-a-noi\/#breadcrumb\",\"itemListElement\":[{\"@type\":\"ListItem\",\"position\":1,\"name\":\"Home\",\"item\":\"https:\/\/visitacava.it\/\"},{\"@type\":\"ListItem\",\"position\":2,\"name\":\"Unisciti a noi\"}]},{\"@type\":\"WebSite\",\"@id\":\"https:\/\/visitacava.it\/#website\",\"url\":\"https:\/\/visitacava.it\/\",\"name\":\"Visita Cava | Bella Da Vivere\",\"description\":\"\",\"potentialAction\":[{\"@type\":\"SearchAction\",\"target\":{\"@type\":\"EntryPoint\",\"urlTemplate\":\"https:\/\/visitacava.it\/?s={search_term_string}\"},\"query-input\":{\"@type\":\"PropertyValueSpecification\",\"valueRequired\":true,\"valueName\":\"search_term_string\"}}],\"inLanguage\":\"en-GB\"}]}<\/script>\n<!-- \/ Yoast SEO plugin. -->","yoast_head_json":{"title":"Unisciti a noi - Visita Cava | Bella Da Vivere","robots":{"index":"index","follow":"follow","max-snippet":"max-snippet:-1","max-image-preview":"max-image-preview:large","max-video-preview":"max-video-preview:-1"},"canonical":"https:\/\/visitacava.it\/en\/unisciti-a-noi\/","og_locale":"en_GB","og_type":"article","og_title":"Unisciti a noi - Visita Cava | Bella Da Vivere","og_description":"Unisciti al portale di visita cava Sei un albergo, un B&amp;B o un'attivit\u00e0 di ristorazione e desideri far parte del portale\u00a0\"Visita Cava\"? Il nostro sito ha come obiettivo quello di diventare il punto di riferimento per i turisti in cerca di informazioni durante il soggiorno nella nostra citt\u00e0. Per garantirvi visibilit\u00e0 e attrarre nuova clientela [&hellip;]","og_url":"https:\/\/visitacava.it\/en\/unisciti-a-noi\/","og_site_name":"Visita Cava | Bella Da Vivere","article_modified_time":"2025-07-29T15:46:20+00:00","og_image":[{"url":"https:\/\/visitacava.it\/wp-content\/uploads\/2024\/08\/shape3.png","type":"","width":"","height":""}],"twitter_card":"summary_large_image","twitter_misc":{"Estimated reading time":"2 minutes"},"schema":{"@context":"https:\/\/schema.org","@graph":[{"@type":"WebPage","@id":"https:\/\/visitacava.it\/unisciti-a-noi\/","url":"https:\/\/visitacava.it\/unisciti-a-noi\/","name":"Unisciti a noi - Visita Cava | Bella Da Vivere","isPartOf":{"@id":"https:\/\/visitacava.it\/#website"},"primaryImageOfPage":{"@id":"https:\/\/visitacava.it\/unisciti-a-noi\/#primaryimage"},"image":{"@id":"https:\/\/visitacava.it\/unisciti-a-noi\/#primaryimage"},"thumbnailUrl":"https:\/\/visitacava.it\/wp-content\/uploads\/2024\/08\/shape3.png","datePublished":"2025-03-26T13:25:14+00:00","dateModified":"2025-07-29T15:46:20+00:00","breadcrumb":{"@id":"https:\/\/visitacava.it\/unisciti-a-noi\/#breadcrumb"},"inLanguage":"en-GB","potentialAction":[{"@type":"ReadAction","target":["https:\/\/visitacava.it\/unisciti-a-noi\/"]}]},{"@type":"ImageObject","inLanguage":"en-GB","@id":"https:\/\/visitacava.it\/unisciti-a-noi\/#primaryimage","url":"https:\/\/visitacava.it\/wp-content\/uploads\/2024\/08\/shape3.png","contentUrl":"https:\/\/visitacava.it\/wp-content\/uploads\/2024\/08\/shape3.png"},{"@type":"BreadcrumbList","@id":"https:\/\/visitacava.it\/unisciti-a-noi\/#breadcrumb","itemListElement":[{"@type":"ListItem","position":1,"name":"Home","item":"https:\/\/visitacava.it\/"},{"@type":"ListItem","position":2,"name":"Unisciti a noi"}]},{"@type":"WebSite","@id":"https:\/\/visitacava.it\/#website","url":"https:\/\/visitacava.it\/","name":"Visita Cava | Bella Da Vivere","description":"","potentialAction":[{"@type":"SearchAction","target":{"@type":"EntryPoint","urlTemplate":"https:\/\/visitacava.it\/?s={search_term_string}"},"query-input":{"@type":"PropertyValueSpecification","valueRequired":true,"valueName":"search_term_string"}}],"inLanguage":"en-GB"}]}},"_links":{"self":[{"href":"https:\/\/visitacava.it\/en\/wp-json\/wp\/v2\/pages\/6558","targetHints":{"allow":["GET"]}}],"collection":[{"href":"https:\/\/visitacava.it\/en\/wp-json\/wp\/v2\/pages"}],"about":[{"href":"https:\/\/visitacava.it\/en\/wp-json\/wp\/v2\/types\/page"}],"author":[{"embeddable":true,"href":"https:\/\/visitacava.it\/en\/wp-json\/wp\/v2\/users\/4"}],"replies":[{"embeddable":true,"href":"https:\/\/visitacava.it\/en\/wp-json\/wp\/v2\/comments?post=6558"}],"version-history":[{"count":0,"href":"https:\/\/visitacava.it\/en\/wp-json\/wp\/v2\/pages\/6558\/revisions"}],"wp:attachment":[{"href":"https:\/\/visitacava.it\/en\/wp-json\/wp\/v2\/media?parent=6558"}],"curies":[{"name":"wp","href":"https:\/\/api.w.org\/{rel}","templated":true}]}}