{"id":2762,"date":"2024-12-19T17:11:49","date_gmt":"2024-12-19T15:11:49","guid":{"rendered":"https:\/\/visitacava.it\/?page_id=2762"},"modified":"2025-02-06T19:05:21","modified_gmt":"2025-02-06T17:05:21","slug":"muoversi-a-cava","status":"publish","type":"page","link":"https:\/\/visitacava.it\/it\/muoversi-a-cava\/","title":{"rendered":"Muoversi a Cava"},"content":{"rendered":"\t\t<div data-elementor-type=\"wp-page\" data-elementor-id=\"2762\" class=\"elementor elementor-2762\" data-elementor-post-type=\"page\">\n\t\t\t\t<div class=\"elementor-element elementor-element-3eef66b5 e-flex e-con-boxed e-con e-parent\" data-id=\"3eef66b5\" data-element_type=\"container\">\n\t\t\t\t\t<div class=\"e-con-inner\">\n\t\t\t\t<div class=\"elementor-element elementor-element-d7ff7b1 elementor-widget elementor-widget-section-title\" data-id=\"d7ff7b1\" data-element_type=\"widget\" data-widget_type=\"section-title.default\">\n\t\t\t\t<div class=\"elementor-widget-container\">\n\t\t\t\t\t<div class=\"section-title text-center\">\n      <div class=\"icon\"><img decoding=\"async\" src=\"https:\/\/visitacava.it\/wp-content\/uploads\/2024\/08\/shape3.png\" alt=\"A Piedi\"><\/div>\n        <h2>A Piedi<\/h2>\n<\/div>\n\t\t\t\t<\/div>\n\t\t\t\t<\/div>\n\t\t\t\t<div class=\"elementor-element elementor-element-15a4f25a elementor-widget elementor-widget-text-box\" data-id=\"15a4f25a\" data-element_type=\"widget\" data-widget_type=\"text-box.default\">\n\t\t\t\t<div class=\"elementor-widget-container\">\n\t\t\t\t\t<div class=\"text-box\" data-scroll data-scroll-speed=\"\">\n       <p style=\"text-align: center\">Cava de' Tirreni ha un centro storico di dimensioni perfette per essere visitato passeggiando, percorribile in circa 15 minuti a piedi.<\/p>    <\/div>\n\t\t\t\t<\/div>\n\t\t\t\t<\/div>\n\t\t\t\t<div class=\"elementor-element elementor-element-538ff2c elementor-widget elementor-widget-section-title\" data-id=\"538ff2c\" data-element_type=\"widget\" data-widget_type=\"section-title.default\">\n\t\t\t\t<div class=\"elementor-widget-container\">\n\t\t\t\t\t<div class=\"section-title text-center\">\n      <div class=\"icon\"><img decoding=\"async\" src=\"https:\/\/visitacava.it\/wp-content\/uploads\/2024\/08\/shape3.png\" alt=\"In Autobus\"><\/div>\n        <h2>In Autobus<\/h2>\n<\/div>\n\t\t\t\t<\/div>\n\t\t\t\t<\/div>\n\t\t\t\t<div class=\"elementor-element elementor-element-5dafa8b elementor-widget elementor-widget-text-box\" data-id=\"5dafa8b\" data-element_type=\"widget\" data-widget_type=\"text-box.default\">\n\t\t\t\t<div class=\"elementor-widget-container\">\n\t\t\t\t\t<div class=\"text-box\" data-scroll data-scroll-speed=\"\">\n       <p style=\"text-align: center\">Da centro citt\u00e0 \u00e8 possibile raggiungere i punti di interesse anche attraverso i mezzi pubblici. Busitalia infatti garantisce la mobilit\u00e0 interna, collegando il centro citt\u00e0 con le frazioni.<\/p><p style=\"text-align: center\">I biglietti possono essere acquistati presso le biglietterie, tramite SMS al numero 4880882, a bordo bus e attraverso l\u2019app unicocampania. Con l\u2019app inoltre, \u00e8 possibile visualizzare gli orari, i prezzi, le fermate e calcolare i percorsi.<\/p><p style=\"text-align: center\">Qui sono presenti le linee urbane che collegano il centro alle frazioni e alle diverse localit\u00e0:<\/p><p style=\"text-align: center\">\u2022 Linea 60: Cava Centro - Alessia<\/p><p style=\"text-align: center\">\u2022 Linea 61: Cava Centro - Badia<\/p><p style=\"text-align: center\">\u2022 Linea 64: Cava Centro \u2013 Maddalena - Annunziata<\/p><p style=\"text-align: center\">\u2022 Linea 65: Cava Centro \u2013 Passiano \u2013 S. Martino<\/p><p style=\"text-align: center\">\u2022 Linea 66: Cava Centro \u2013 Pregiato \u2013 Petrellosa \u2013 S. Anna<\/p><p style=\"text-align: center\">\u2022 Linea 67: Cava Centro \u2013 S. Lucia \u2013 S. Anna<\/p><p style=\"text-align: center\">Per gli orari delle singole linee, consulta il sito di <strong><a href=\"https:\/\/www.fsbusitalia.it\/it\/campania\/orari-e-linee\/orari-urbani-altri-comuni.html\" target=\"_blank\" rel=\"noopener\">Busitalia<\/a><\/strong>\u00a0<\/p>    <\/div>\n\t\t\t\t<\/div>\n\t\t\t\t<\/div>\n\t\t\t\t<div class=\"elementor-element elementor-element-1de1d3a elementor-widget elementor-widget-section-title\" data-id=\"1de1d3a\" data-element_type=\"widget\" data-widget_type=\"section-title.default\">\n\t\t\t\t<div class=\"elementor-widget-container\">\n\t\t\t\t\t<div class=\"section-title text-center\">\n      <div class=\"icon\"><img decoding=\"async\" src=\"https:\/\/visitacava.it\/wp-content\/uploads\/2024\/08\/shape3.png\" alt=\"In Taxi\"><\/div>\n        <h2>In Taxi<\/h2>\n<\/div>\n\t\t\t\t<\/div>\n\t\t\t\t<\/div>\n\t\t\t\t<div class=\"elementor-element elementor-element-bc4dfe9 elementor-widget elementor-widget-text-box\" data-id=\"bc4dfe9\" data-element_type=\"widget\" data-widget_type=\"text-box.default\">\n\t\t\t\t<div class=\"elementor-widget-container\">\n\t\t\t\t\t<div class=\"text-box\" data-scroll data-scroll-speed=\"\">\n       <p style=\"text-align: center\">\u00c8 possibile richiedere un servizio di taxi per spostarsi in citt\u00e0 dai seguenti punti:<\/p><p style=\"text-align: center\">Piazza AVIGLIANO (stazione ferroviaria), Tel. 347 037 0005 (sig. Paolo Cardia)<\/p><p style=\"text-align: center\">Piazza EUGENIO ABBRO, tel. 347 010 7848 (sig. Raffaele Della Monica)<\/p><p style=\"text-align: center\">Si pu\u00f2 richiedere anche un noleggio con conducente:<\/p><p style=\"text-align: center\">Tel. 328 2603106, Noleggio con Conducente Macri Lucio<span class=\"Apple-converted-space\">\u00a0<\/span><\/p>    <\/div>\n\t\t\t\t<\/div>\n\t\t\t\t<\/div>\n\t\t\t\t\t<\/div>\n\t\t\t\t<\/div>\n\t\t\t\t<\/div>\n\t\t","protected":false},"excerpt":{"rendered":"<p>A Piedi Cava de' Tirreni ha un centro storico di dimensioni perfette per essere visitato passeggiando, percorribile in circa 15 minuti a piedi. In Autobus Da centro citt\u00e0 \u00e8 possibile raggiungere i punti di interesse anche attraverso i mezzi pubblici. Busitalia infatti garantisce la mobilit\u00e0 interna, collegando il centro citt\u00e0 con le frazioni. I biglietti [&hellip;]<\/p>\n","protected":false},"author":1,"featured_media":0,"parent":0,"menu_order":0,"comment_status":"closed","ping_status":"closed","template":"","meta":{"footnotes":""},"class_list":["post-2762","page","type-page","status-publish","hentry"],"acf":[],"yoast_head":"<!-- This site is optimized with the Yoast SEO plugin v25.6 - https:\/\/yoast.com\/wordpress\/plugins\/seo\/ -->\n<title>Muoversi a Cava - Visita Cava | Bella Da Vivere<\/title>\n<meta name=\"robots\" content=\"index, follow, max-snippet:-1, max-image-preview:large, max-video-preview:-1\" \/>\n<link rel=\"canonical\" href=\"https:\/\/visitacava.it\/it\/muoversi-a-cava\/\" \/>\n<meta property=\"og:locale\" content=\"it_IT\" \/>\n<meta property=\"og:type\" content=\"article\" \/>\n<meta property=\"og:title\" content=\"Muoversi a Cava - Visita Cava | Bella Da Vivere\" \/>\n<meta property=\"og:description\" content=\"A Piedi Cava de&#039; Tirreni ha un centro storico di dimensioni perfette per essere visitato passeggiando, percorribile in circa 15 minuti a piedi. In Autobus Da centro citt\u00e0 \u00e8 possibile raggiungere i punti di interesse anche attraverso i mezzi pubblici. Busitalia infatti garantisce la mobilit\u00e0 interna, collegando il centro citt\u00e0 con le frazioni. I biglietti [&hellip;]\" \/>\n<meta property=\"og:url\" content=\"https:\/\/visitacava.it\/it\/muoversi-a-cava\/\" \/>\n<meta property=\"og:site_name\" content=\"Visita Cava | Bella Da Vivere\" \/>\n<meta property=\"article:modified_time\" content=\"2025-02-06T17:05:21+00:00\" \/>\n<meta property=\"og:image\" content=\"https:\/\/visitacava.it\/wp-content\/uploads\/2024\/08\/shape3.png\" \/>\n<meta name=\"twitter:card\" content=\"summary_large_image\" \/>\n<meta name=\"twitter:label1\" content=\"Tempo di lettura stimato\" \/>\n\t<meta name=\"twitter:data1\" content=\"2 minuti\" \/>\n<script type=\"application\/ld+json\" class=\"yoast-schema-graph\">{\"@context\":\"https:\/\/schema.org\",\"@graph\":[{\"@type\":\"WebPage\",\"@id\":\"https:\/\/visitacava.it\/muoversi-a-cava\/\",\"url\":\"https:\/\/visitacava.it\/muoversi-a-cava\/\",\"name\":\"Muoversi a Cava - Visita Cava | Bella Da Vivere\",\"isPartOf\":{\"@id\":\"https:\/\/visitacava.it\/#website\"},\"primaryImageOfPage\":{\"@id\":\"https:\/\/visitacava.it\/muoversi-a-cava\/#primaryimage\"},\"image\":{\"@id\":\"https:\/\/visitacava.it\/muoversi-a-cava\/#primaryimage\"},\"thumbnailUrl\":\"https:\/\/visitacava.it\/wp-content\/uploads\/2024\/08\/shape3.png\",\"datePublished\":\"2024-12-19T15:11:49+00:00\",\"dateModified\":\"2025-02-06T17:05:21+00:00\",\"breadcrumb\":{\"@id\":\"https:\/\/visitacava.it\/muoversi-a-cava\/#breadcrumb\"},\"inLanguage\":\"it-IT\",\"potentialAction\":[{\"@type\":\"ReadAction\",\"target\":[\"https:\/\/visitacava.it\/muoversi-a-cava\/\"]}]},{\"@type\":\"ImageObject\",\"inLanguage\":\"it-IT\",\"@id\":\"https:\/\/visitacava.it\/muoversi-a-cava\/#primaryimage\",\"url\":\"https:\/\/visitacava.it\/wp-content\/uploads\/2024\/08\/shape3.png\",\"contentUrl\":\"https:\/\/visitacava.it\/wp-content\/uploads\/2024\/08\/shape3.png\"},{\"@type\":\"BreadcrumbList\",\"@id\":\"https:\/\/visitacava.it\/muoversi-a-cava\/#breadcrumb\",\"itemListElement\":[{\"@type\":\"ListItem\",\"position\":1,\"name\":\"Home\",\"item\":\"https:\/\/visitacava.it\/\"},{\"@type\":\"ListItem\",\"position\":2,\"name\":\"Muoversi a Cava\"}]},{\"@type\":\"WebSite\",\"@id\":\"https:\/\/visitacava.it\/#website\",\"url\":\"https:\/\/visitacava.it\/\",\"name\":\"Visita Cava | Bella Da Vivere\",\"description\":\"\",\"potentialAction\":[{\"@type\":\"SearchAction\",\"target\":{\"@type\":\"EntryPoint\",\"urlTemplate\":\"https:\/\/visitacava.it\/?s={search_term_string}\"},\"query-input\":{\"@type\":\"PropertyValueSpecification\",\"valueRequired\":true,\"valueName\":\"search_term_string\"}}],\"inLanguage\":\"it-IT\"}]}<\/script>\n<!-- \/ Yoast SEO plugin. -->","yoast_head_json":{"title":"Muoversi a Cava - Visita Cava | Bella Da Vivere","robots":{"index":"index","follow":"follow","max-snippet":"max-snippet:-1","max-image-preview":"max-image-preview:large","max-video-preview":"max-video-preview:-1"},"canonical":"https:\/\/visitacava.it\/it\/muoversi-a-cava\/","og_locale":"it_IT","og_type":"article","og_title":"Muoversi a Cava - Visita Cava | Bella Da Vivere","og_description":"A Piedi Cava de' Tirreni ha un centro storico di dimensioni perfette per essere visitato passeggiando, percorribile in circa 15 minuti a piedi. In Autobus Da centro citt\u00e0 \u00e8 possibile raggiungere i punti di interesse anche attraverso i mezzi pubblici. Busitalia infatti garantisce la mobilit\u00e0 interna, collegando il centro citt\u00e0 con le frazioni. I biglietti [&hellip;]","og_url":"https:\/\/visitacava.it\/it\/muoversi-a-cava\/","og_site_name":"Visita Cava | Bella Da Vivere","article_modified_time":"2025-02-06T17:05:21+00:00","og_image":[{"url":"https:\/\/visitacava.it\/wp-content\/uploads\/2024\/08\/shape3.png","type":"","width":"","height":""}],"twitter_card":"summary_large_image","twitter_misc":{"Tempo di lettura stimato":"2 minuti"},"schema":{"@context":"https:\/\/schema.org","@graph":[{"@type":"WebPage","@id":"https:\/\/visitacava.it\/muoversi-a-cava\/","url":"https:\/\/visitacava.it\/muoversi-a-cava\/","name":"Muoversi a Cava - Visita Cava | Bella Da Vivere","isPartOf":{"@id":"https:\/\/visitacava.it\/#website"},"primaryImageOfPage":{"@id":"https:\/\/visitacava.it\/muoversi-a-cava\/#primaryimage"},"image":{"@id":"https:\/\/visitacava.it\/muoversi-a-cava\/#primaryimage"},"thumbnailUrl":"https:\/\/visitacava.it\/wp-content\/uploads\/2024\/08\/shape3.png","datePublished":"2024-12-19T15:11:49+00:00","dateModified":"2025-02-06T17:05:21+00:00","breadcrumb":{"@id":"https:\/\/visitacava.it\/muoversi-a-cava\/#breadcrumb"},"inLanguage":"it-IT","potentialAction":[{"@type":"ReadAction","target":["https:\/\/visitacava.it\/muoversi-a-cava\/"]}]},{"@type":"ImageObject","inLanguage":"it-IT","@id":"https:\/\/visitacava.it\/muoversi-a-cava\/#primaryimage","url":"https:\/\/visitacava.it\/wp-content\/uploads\/2024\/08\/shape3.png","contentUrl":"https:\/\/visitacava.it\/wp-content\/uploads\/2024\/08\/shape3.png"},{"@type":"BreadcrumbList","@id":"https:\/\/visitacava.it\/muoversi-a-cava\/#breadcrumb","itemListElement":[{"@type":"ListItem","position":1,"name":"Home","item":"https:\/\/visitacava.it\/"},{"@type":"ListItem","position":2,"name":"Muoversi a Cava"}]},{"@type":"WebSite","@id":"https:\/\/visitacava.it\/#website","url":"https:\/\/visitacava.it\/","name":"Visita Cava | Bella Da Vivere","description":"","potentialAction":[{"@type":"SearchAction","target":{"@type":"EntryPoint","urlTemplate":"https:\/\/visitacava.it\/?s={search_term_string}"},"query-input":{"@type":"PropertyValueSpecification","valueRequired":true,"valueName":"search_term_string"}}],"inLanguage":"it-IT"}]}},"_links":{"self":[{"href":"https:\/\/visitacava.it\/it\/wp-json\/wp\/v2\/pages\/2762","targetHints":{"allow":["GET"]}}],"collection":[{"href":"https:\/\/visitacava.it\/it\/wp-json\/wp\/v2\/pages"}],"about":[{"href":"https:\/\/visitacava.it\/it\/wp-json\/wp\/v2\/types\/page"}],"author":[{"embeddable":true,"href":"https:\/\/visitacava.it\/it\/wp-json\/wp\/v2\/users\/1"}],"replies":[{"embeddable":true,"href":"https:\/\/visitacava.it\/it\/wp-json\/wp\/v2\/comments?post=2762"}],"version-history":[{"count":17,"href":"https:\/\/visitacava.it\/it\/wp-json\/wp\/v2\/pages\/2762\/revisions"}],"predecessor-version":[{"id":3998,"href":"https:\/\/visitacava.it\/it\/wp-json\/wp\/v2\/pages\/2762\/revisions\/3998"}],"wp:attachment":[{"href":"https:\/\/visitacava.it\/it\/wp-json\/wp\/v2\/media?parent=2762"}],"curies":[{"name":"wp","href":"https:\/\/api.w.org\/{rel}","templated":true}]}}